{"id":51,"date":"2025-04-10T12:34:37","date_gmt":"2025-04-10T10:34:37","guid":{"rendered":"https:\/\/oksanasamoiliuk.com\/?page_id=51"},"modified":"2025-05-28T09:19:25","modified_gmt":"2025-05-28T07:19:25","slug":"podcast","status":"publish","type":"page","link":"https:\/\/oksanasamoiliuk.com\/ru\/podcast\/","title":{"rendered":"\u041f\u043e\u0434\u043a\u0430\u0441\u0442"},"content":{"rendered":"<p>[et_pb_section fb_built=&#8221;1&#8243; disabled_on=&#8221;on|on|off&#8221; _builder_version=&#8221;4.27.4&#8243; _module_preset=&#8221;default&#8221; background_image=&#8221;https:\/\/oksanasamoiliuk.com\/wp-content\/uploads\/Baner-Dr-hab-Oksana-Samoiliuk-podstrona-PODCAST.webp&#8221; background_position=&#8221;top_left&#8221; min_height=&#8221;85vh&#8221; height=&#8221;85vh&#8221; max_height=&#8221;85vh&#8221; locked=&#8221;off&#8221; global_colors_info=&#8221;{}&#8221;][et_pb_row column_structure=&#8221;2_5,3_5&#8243; use_custom_gutter=&#8221;on&#8221; gutter_width=&#8221;4&#8243; make_equal=&#8221;on&#8221; _builder_version=&#8221;4.27.4&#8243; _module_preset=&#8221;default&#8221; background_enable_color=&#8221;off&#8221; max_width=&#8221;1510px&#8221; min_height=&#8221;100%&#8221; height=&#8221;100%&#8221; max_height=&#8221;100%&#8221; global_colors_info=&#8221;{}&#8221;][et_pb_column type=&#8221;2_5&#8243; _builder_version=&#8221;4.27.4&#8243; _module_preset=&#8221;default&#8221; global_colors_info=&#8221;{}&#8221;][\/et_pb_column][et_pb_column type=&#8221;3_5&#8243; _builder_version=&#8221;4.27.4&#8243; _module_preset=&#8221;default&#8221; background_enable_color=&#8221;off&#8221; custom_css_main_element=&#8221;display: grid;||align-self: center;&#8221; global_colors_info=&#8221;{}&#8221;][et_pb_image src=&#8221;https:\/\/oksanasamoiliuk.com\/wp-content\/uploads\/dr-hab-Oksana-Samoiliuk-e7e2df.webp&#8221; alt=&#8221;dr hab Oksana Samoiliuk logo&#8221; title_text=&#8221;dr hab Oksana Samoiliuk #e7e2df&#8221; align=&#8221;center&#8221; _builder_version=&#8221;4.27.4&#8243; _module_preset=&#8221;default&#8221; width=&#8221;80%&#8221; max_width=&#8221;80%&#8221; module_alignment=&#8221;center&#8221; global_colors_info=&#8221;{}&#8221;][\/et_pb_image][et_pb_text _builder_version=&#8221;4.27.4&#8243; _dynamic_attributes=&#8221;content&#8221; _module_preset=&#8221;default&#8221; text_font_size=&#8221;16px&#8221; link_font=&#8221;|600|||||||&#8221; link_text_color=&#8221;#828282&#8243; header_font=&#8221;|600||on|||||&#8221; header_text_color=&#8221;#FFFFFF&#8221; header_font_size=&#8221;64px&#8221; header_2_font=&#8221;|&#8211;et_global_body_font_weight|||||||&#8221; header_2_text_color=&#8221;#151515&#8243; header_2_font_size=&#8221;23px&#8221; header_2_line_height=&#8221;1.2em&#8221; header_3_font=&#8221;|||on|||||&#8221; custom_margin_tablet=&#8221;-15px||||false|false&#8221; custom_margin_phone=&#8221;&#8221; custom_margin_last_edited=&#8221;on|desktop&#8221; custom_padding=&#8221;||||false|false&#8221; text_font_size_tablet=&#8221;14px&#8221; text_font_size_phone=&#8221;14px&#8221; text_font_size_last_edited=&#8221;on|tablet&#8221; header_font_size_tablet=&#8221;44px&#8221; header_font_size_phone=&#8221;44px&#8221; header_font_size_last_edited=&#8221;on|desktop&#8221; header_2_font_size_tablet=&#8221;26px&#8221; header_2_font_size_phone=&#8221;26px&#8221; header_2_font_size_last_edited=&#8221;on|desktop&#8221; custom_css_free_form=&#8221;selector h1,||selector h2,||selector h3,||selector h4{||  margin-bottom: 1.2em;||}||sup {||  vertical-align: 0;||  font-size: 50%;||}&#8221; saved_tabs=&#8221;all&#8221; global_colors_info=&#8221;{}&#8221;]<\/p>\n<h1 style=\"text-align: center\">\u041f\u043e\u0434\u043a\u0430\u0441\u0442<\/h1>\n<p>[\/et_pb_text][\/et_pb_column][\/et_pb_row][\/et_pb_section][et_pb_section fb_built=&#8221;1&#8243; disabled_on=&#8221;off|off|on&#8221; _builder_version=&#8221;4.27.4&#8243; _module_preset=&#8221;default&#8221; background_image=&#8221;https:\/\/oksanasamoiliuk.com\/wp-content\/uploads\/Dr-hab-Oksana-Samoiliuk-zakladka-PODCAST.webp&#8221; min_height=&#8221;100vh&#8221; height=&#8221;100vh&#8221; max_height=&#8221;100vh&#8221; locked=&#8221;off&#8221; global_colors_info=&#8221;{}&#8221;][et_pb_row make_equal=&#8221;on&#8221; module_class=&#8221;pk-bottom&#8221; _builder_version=&#8221;4.27.4&#8243; _module_preset=&#8221;default&#8221; min_height=&#8221;100%&#8221; height=&#8221;100%&#8221; max_height=&#8221;100%&#8221; locked=&#8221;off&#8221; global_colors_info=&#8221;{}&#8221;][et_pb_column type=&#8221;4_4&#8243; module_class=&#8221;pk-bottom&#8221; _builder_version=&#8221;4.27.4&#8243; _module_preset=&#8221;default&#8221; global_colors_info=&#8221;{}&#8221;][et_pb_image src=&#8221;https:\/\/oksanasamoiliuk.com\/wp-content\/uploads\/dr-hab-Oksana-Samoiliuk-e7e2df.webp&#8221; alt=&#8221;dr hab Oksana Samoiliuk logo&#8221; title_text=&#8221;dr hab Oksana Samoiliuk #e7e2df&#8221; align=&#8221;center&#8221; force_fullwidth=&#8221;on&#8221; _builder_version=&#8221;4.27.4&#8243; _module_preset=&#8221;default&#8221; global_colors_info=&#8221;{}&#8221;][\/et_pb_image][et_pb_text _builder_version=&#8221;4.27.4&#8243; _dynamic_attributes=&#8221;content&#8221; _module_preset=&#8221;default&#8221; text_font_size=&#8221;16px&#8221; link_font=&#8221;|600|||||||&#8221; link_text_color=&#8221;#828282&#8243; header_font=&#8221;|&#8211;et_global_body_font_weight||on|||||&#8221; header_text_color=&#8221;#FFFFFF&#8221; header_font_size=&#8221;64px&#8221; header_2_font=&#8221;|&#8211;et_global_body_font_weight|||||||&#8221; header_2_text_color=&#8221;#151515&#8243; header_2_font_size=&#8221;23px&#8221; header_2_line_height=&#8221;1.2em&#8221; header_3_font=&#8221;|||on|||||&#8221; custom_margin_tablet=&#8221;-15px||||false|false&#8221; custom_margin_phone=&#8221;&#8221; custom_margin_last_edited=&#8221;on|desktop&#8221; custom_padding=&#8221;||||false|false&#8221; text_font_size_tablet=&#8221;14px&#8221; text_font_size_phone=&#8221;14px&#8221; text_font_size_last_edited=&#8221;on|tablet&#8221; header_font_size_tablet=&#8221;44px&#8221; header_font_size_phone=&#8221;44px&#8221; header_font_size_last_edited=&#8221;on|desktop&#8221; header_2_font_size_tablet=&#8221;26px&#8221; header_2_font_size_phone=&#8221;26px&#8221; header_2_font_size_last_edited=&#8221;on|tablet&#8221; custom_css_free_form=&#8221;selector h1,||selector h2,||selector h3,||selector h4{||  margin-bottom: 1.2em;||}||sup {||  vertical-align: 0;||  font-size: 50%;||}&#8221; saved_tabs=&#8221;all&#8221; global_colors_info=&#8221;{}&#8221;]<\/p>\n<h1 style=\"text-align: center\">\u041f\u043e\u0434\u043a\u0430\u0441\u0442<\/h1>\n<p>[\/et_pb_text][\/et_pb_column][\/et_pb_row][\/et_pb_section][et_pb_section fb_built=&#8221;1&#8243; admin_label=&#8221;Podcast&#8221; _builder_version=&#8221;4.27.4&#8243; _module_preset=&#8221;default&#8221; background_color=&#8221;#151515&#8243; background_enable_image=&#8221;off&#8221; custom_padding=&#8221;120px||120px||true|false&#8221; top_divider_color=&#8221;#453F40&#8243; top_divider_repeat=&#8221;1x&#8221; bottom_divider_color=&#8221;#453F40&#8243; global_colors_info=&#8221;{}&#8221;][et_pb_row _builder_version=&#8221;4.27.4&#8243; _module_preset=&#8221;default&#8221; global_colors_info=&#8221;{}&#8221;][et_pb_column type=&#8221;4_4&#8243; _builder_version=&#8221;4.27.4&#8243; _module_preset=&#8221;default&#8221; global_colors_info=&#8221;{}&#8221;][et_pb_video src=&#8221;https:\/\/youtu.be\/yur1yTn97PI&#8221; admin_label=&#8221;Klip wideo&#8221; _builder_version=&#8221;4.27.4&#8243; _module_preset=&#8221;default&#8221; global_colors_info=&#8221;{}&#8221;][\/et_pb_video][\/et_pb_column][\/et_pb_row][et_pb_row disabled_on=&#8221;off|off|off&#8221; _builder_version=&#8221;4.27.4&#8243; _module_preset=&#8221;default&#8221; global_colors_info=&#8221;{}&#8221;][et_pb_column type=&#8221;4_4&#8243; _builder_version=&#8221;4.27.4&#8243; _module_preset=&#8221;default&#8221; global_colors_info=&#8221;{}&#8221;][et_pb_text _builder_version=&#8221;4.27.4&#8243; _dynamic_attributes=&#8221;content&#8221; _module_preset=&#8221;default&#8221; text_font_size=&#8221;16px&#8221; link_font=&#8221;|600|||||||&#8221; link_text_color=&#8221;#828282&#8243; header_font=&#8221;|600||on|||||&#8221; header_font_size=&#8221;64px&#8221; header_2_font=&#8221;|600||on|||||&#8221; header_2_font_size=&#8221;32px&#8221; header_2_line_height=&#8221;1.2em&#8221; header_3_font=&#8221;|||on|||||&#8221; custom_margin_tablet=&#8221;-15px||||false|false&#8221; custom_margin_phone=&#8221;&#8221; custom_margin_last_edited=&#8221;on|desktop&#8221; custom_padding=&#8221;||||false|false&#8221; hover_enabled=&#8221;0&#8243; text_font_size_tablet=&#8221;14px&#8221; text_font_size_phone=&#8221;14px&#8221; text_font_size_last_edited=&#8221;on|tablet&#8221; header_font_size_tablet=&#8221;44px&#8221; header_font_size_phone=&#8221;44px&#8221; header_font_size_last_edited=&#8221;on|desktop&#8221; header_2_font_size_tablet=&#8221;26px&#8221; header_2_font_size_phone=&#8221;26px&#8221; header_2_font_size_last_edited=&#8221;on|tablet&#8221; custom_css_free_form=&#8221;selector h1,||selector h2,||selector h3,||selector h4{||  margin-bottom: 1.2em;||}||sup {||  vertical-align: 0;||  font-size: 50%;||}&#8221; global_module=&#8221;219&#8243; saved_tabs=&#8221;all&#8221; global_colors_info=&#8221;{}&#8221; sticky_enabled=&#8221;0&#8243; text_text_color=&#8221;#FFFFFF&#8221; header_2_text_align=&#8221;center&#8221; header_2_text_color=&#8221;#FFFFFF&#8221; text_orientation=&#8221;center&#8221;]<\/p>\n<p class=\"p1\"><b>Dost\u0119pne na:<\/b><\/p>\n<p>[\/et_pb_text][et_pb_social_media_follow follow_button=&#8221;on&#8221; use_icon_font_size=&#8221;on&#8221; icon_font_size=&#8221;26px&#8221; _builder_version=&#8221;4.27.4&#8243; _module_preset=&#8221;default&#8221; custom_button=&#8221;on&#8221; button_text_size=&#8221;17px&#8221; button_text_color=&#8221;#FFFFFF&#8221; button_bg_color=&#8221;#453F40&#8243; button_border_color=&#8221;#453F40&#8243; button_border_radius=&#8221;0px&#8221; button_letter_spacing=&#8221;1px&#8221; text_orientation=&#8221;center&#8221; background_layout=&#8221;dark&#8221; hover_enabled=&#8221;0&#8243; global_colors_info=&#8221;{}&#8221; sticky_enabled=&#8221;0&#8243;][et_pb_social_media_follow_network social_network=&#8221;youtube&#8221; _builder_version=&#8221;4.27.4&#8243; _module_preset=&#8221;default&#8221; background_color=&#8221;#a82400&#8243; hover_enabled=&#8221;0&#8243; global_colors_info=&#8221;{}&#8221; follow_button=&#8221;on&#8221; url_new_window=&#8221;on&#8221; url=&#8221;https:\/\/www.youtube.com\/@droksana&#8221; sticky_enabled=&#8221;0&#8243;]youtube[\/et_pb_social_media_follow_network][\/et_pb_social_media_follow][et_pb_text _builder_version=&#8221;4.27.4&#8243; _dynamic_attributes=&#8221;content&#8221; _module_preset=&#8221;default&#8221; text_text_color=&#8221;#FFFFFF&#8221; text_font_size=&#8221;16px&#8221; link_font=&#8221;|600|||||||&#8221; link_text_color=&#8221;#828282&#8243; header_font=&#8221;|600||on|||||&#8221; header_font_size=&#8221;64px&#8221; header_2_font=&#8221;|600||on|||||&#8221; header_2_text_align=&#8221;center&#8221; header_2_font_size=&#8221;32px&#8221; header_2_line_height=&#8221;1.2em&#8221; header_3_font=&#8221;|||on|||||&#8221; custom_margin_tablet=&#8221;-15px||||false|false&#8221; custom_margin_phone=&#8221;&#8221; custom_margin_last_edited=&#8221;on|desktop&#8221; custom_padding=&#8221;||||false|false&#8221; hover_enabled=&#8221;0&#8243; text_font_size_tablet=&#8221;14px&#8221; text_font_size_phone=&#8221;14px&#8221; text_font_size_last_edited=&#8221;on|tablet&#8221; header_font_size_tablet=&#8221;44px&#8221; header_font_size_phone=&#8221;44px&#8221; header_font_size_last_edited=&#8221;on|desktop&#8221; header_2_font_size_tablet=&#8221;26px&#8221; header_2_font_size_phone=&#8221;26px&#8221; header_2_font_size_last_edited=&#8221;on|tablet&#8221; custom_css_free_form=&#8221;selector h1,||selector h2,||selector h3,||selector h4{||  margin-bottom: 1.2em;||}||sup {||  vertical-align: 0;||  font-size: 50%;||}&#8221; global_module=&#8221;219&#8243; saved_tabs=&#8221;all&#8221; global_colors_info=&#8221;{}&#8221; sticky_enabled=&#8221;0&#8243;]<\/p>\n<p><strong>Jak niewyspanie zaburza rozw\u00f3j dziecka I SEN Odc 1 I Porozmawiajmy Sobie Podcast<\/strong><strong><\/strong><\/p>\n<p><span>Brak snu oraz niska jego jako\u015b\u0107 to nie tylko zm\u0119czenie i marudzenie. To realne zagro\u017cenie dla rozwoju m\u00f3zgu dziecka. W pierwszym odcinku naszej serii o \u015bnie przygl\u0105damy si\u0119, jak niedob\u00f3r snu wp\u0142ywa na uk\u0142ad nerwowy, emocje, koncentracj\u0119 i zdrowie psychiczne najm\u0142odszych. <\/span><\/p>\n<p><span>Czy nocne pobudki mog\u0105 prowadzi\u0107 do problem\u00f3w z zachowaniem? Jak sen (lub jego brak) kszta\u0142tuje m\u00f3zg rosn\u0105cego dziecka?<\/span><\/p>\n<p><span> Dr hab. Oksana Samoiliuk rozk\u0142ada temat na czynniki pierwsze \u2013 bez straszenia, ale z konkretn\u0105 wiedz\u0105, kt\u00f3r\u0105 ka\u017cdy rodzic powinien zna\u0107. <\/span><\/p>\n<p><span>Dowiedz si\u0119: Ile snu naprawd\u0119 potrzebuje dziecko? Jakie sygna\u0142y mog\u0105 \u015bwiadczy\u0107 o problemach ze snem? Co zrobi\u0107, by poprawi\u0107 jako\u015b\u0107 snu w domu?]<\/span><\/p>\n<p>[\/et_pb_text][\/et_pb_column][\/et_pb_row][\/et_pb_section]<\/p>","protected":false},"excerpt":{"rendered":"<p>PODCASTPODCASTDost\u0119pne na:Jak niewyspanie zaburza rozw\u00f3j dziecka I SEN Odc 1 I Porozmawiajmy Sobie Podcast Brak snu oraz niska jego jako\u015b\u0107 to nie tylko zm\u0119czenie i marudzenie. To realne zagro\u017cenie dla rozwoju m\u00f3zgu dziecka. W pierwszym odcinku naszej serii o \u015bnie przygl\u0105damy si\u0119, jak niedob\u00f3r snu wp\u0142ywa na uk\u0142ad nerwowy, emocje, koncentracj\u0119 i zdrowie psychiczne najm\u0142odszych. [&hellip;]<\/p>","protected":false},"author":1,"featured_media":0,"parent":0,"menu_order":0,"comment_status":"closed","ping_status":"closed","template":"","meta":{"_et_pb_use_builder":"on","_et_pb_old_content":"<!-- wp:divi\/placeholder \/-->","_et_gb_content_width":"","slim_seo":{"title":"Podcast - oksanasamoiliuk.com","description":"PODCAST PODCAST Dost\u0119pne na: youtube Jak niewyspanie zaburza rozw\u00f3j dziecka I SEN Odc 1 I Porozmawiajmy Sobie Podcast Brak snu oraz niska jego jako\u015b\u0107 to nie tyl"},"footnotes":""},"difl_page_category":[],"class_list":["post-51","page","type-page","status-publish","hentry"],"_links":{"self":[{"href":"https:\/\/oksanasamoiliuk.com\/ru\/wp-json\/wp\/v2\/pages\/51","targetHints":{"allow":["GET"]}}],"collection":[{"href":"https:\/\/oksanasamoiliuk.com\/ru\/wp-json\/wp\/v2\/pages"}],"about":[{"href":"https:\/\/oksanasamoiliuk.com\/ru\/wp-json\/wp\/v2\/types\/page"}],"author":[{"embeddable":true,"href":"https:\/\/oksanasamoiliuk.com\/ru\/wp-json\/wp\/v2\/users\/1"}],"replies":[{"embeddable":true,"href":"https:\/\/oksanasamoiliuk.com\/ru\/wp-json\/wp\/v2\/comments?post=51"}],"version-history":[{"count":39,"href":"https:\/\/oksanasamoiliuk.com\/ru\/wp-json\/wp\/v2\/pages\/51\/revisions"}],"predecessor-version":[{"id":277841,"href":"https:\/\/oksanasamoiliuk.com\/ru\/wp-json\/wp\/v2\/pages\/51\/revisions\/277841"}],"wp:attachment":[{"href":"https:\/\/oksanasamoiliuk.com\/ru\/wp-json\/wp\/v2\/media?parent=51"}],"wp:term":[{"taxonomy":"difl_page_category","embeddable":true,"href":"https:\/\/oksanasamoiliuk.com\/ru\/wp-json\/wp\/v2\/difl_page_category?post=51"}],"curies":[{"name":"wp","href":"https:\/\/api.w.org\/{rel}","templated":true}]}}