{"id":277814,"date":"2025-05-19T09:25:57","date_gmt":"2025-05-19T07:25:57","guid":{"rendered":"https:\/\/oksanasamoiliuk.com\/?page_id=277814"},"modified":"2025-05-22T22:20:31","modified_gmt":"2025-05-22T20:20:31","slug":"regulamin-opinii","status":"publish","type":"page","link":"https:\/\/oksanasamoiliuk.com\/ru\/regulamin-opinii\/","title":{"rendered":"Regulamin Opinii"},"content":{"rendered":"<p>[et_pb_section fb_built=&#8221;1&#8243; admin_label=&#8221;section&#8221; _builder_version=&#8221;4.27.4&#8243; background_color=&#8221;#E7E2DF&#8221; custom_padding=&#8221;||||false|false&#8221; global_colors_info=&#8221;{}&#8221;][et_pb_row admin_label=&#8221;row&#8221; _builder_version=&#8221;4.27.4&#8243; background_color=&#8221;#FFFFFF&#8221; background_size=&#8221;initial&#8221; background_position=&#8221;top_left&#8221; background_repeat=&#8221;repeat&#8221; custom_margin=&#8221;4%||||false|false&#8221; custom_padding=&#8221;|2%||2%|false|true&#8221; border_radii=&#8221;on|6px|6px|6px|6px&#8221; global_colors_info=&#8221;{}&#8221;][et_pb_column type=&#8221;4_4&#8243; _builder_version=&#8221;4.16&#8243; custom_padding=&#8221;|||&#8221; global_colors_info=&#8221;{}&#8221; custom_padding__hover=&#8221;|||&#8221;][et_pb_code _builder_version=&#8221;4.27.4&#8243; _module_preset=&#8221;default&#8221; hover_enabled=&#8221;0&#8243; global_colors_info=&#8221;{}&#8221; sticky_enabled=&#8221;0&#8243;]<\/p>\n<section class=\"pk-reg\"><!-- [et_pb_line_break_holder] -->      <\/p>\n<h1>REGULAMIN OPINII<\/h1>\n<p><!-- [et_pb_line_break_holder] --><!-- [et_pb_line_break_holder] -->      <\/p>\n<h3>CEL:<\/h3>\n<p><!-- [et_pb_line_break_holder] -->      <pee><!-- [et_pb_line_break_holder] -->        Zale\u017cy nam na\u00a0Pana\/Pani opiniach i\u00a0starannie dbamy o\u00a0to, aby by\u0142y one<!-- [et_pb_line_break_holder] -->        oparte na\u00a0rzeczywistych do\u015bwiadczeniach naszych klient\u00f3w. W\u00a0przypadku<!-- [et_pb_line_break_holder] -->        opinii nieprawdziwych b\u0105d\u017a wulgarnych zachowujemy sobie prawo do\u00a0ich<!-- [et_pb_line_break_holder] -->        niepublikowania.<!-- [et_pb_line_break_holder] -->   <!\u2013- [et_pb_br_holder] -\u2013><!\u2013- [et_pb_br_holder] -\u2013><!-- [et_pb_line_break_holder] -->        Niniejszy dokument reguluje zasady dodawania, publikowania oraz<!-- [et_pb_line_break_holder] -->        weryfikowania opinii dotycz\u0105cych towar\u00f3w lub us\u0142ug oferowanych przez<!-- [et_pb_line_break_holder] -->        Sprzedawc\u0119.<!-- [et_pb_line_break_holder] -->      <\/pee><!-- [et_pb_line_break_holder] -->      <\/p>\n<h3>DEFINICJE:<\/h3>\n<p><!-- [et_pb_line_break_holder] -->      <\/p>\n<ol class=\"pk-reg-list-number\"><!-- [et_pb_line_break_holder] -->        <\/p>\n<li><!-- [et_pb_line_break_holder] -->          <b>Opinia<\/b> \u2013 udost\u0119pniona w\u00a0wizyt\u00f3wce Google b\u0105d\u017a mediach<!-- [et_pb_line_break_holder] -->          spo\u0142eczno\u015bciowych Sprzedawcy subiektywna ocena lub wyra\u017cenie zdania na<!-- [et_pb_line_break_holder] -->          temat us\u0142ugi, oparte na\u00a0osobistych do\u015bwiadczeniach Klienta.<!-- [et_pb_line_break_holder] -->        <\/li>\n<p><!-- [et_pb_line_break_holder] -->        <\/p>\n<li><!-- [et_pb_line_break_holder] -->          <b>Wizyt\u00f3wka Google<\/b> \u2013 publiczny profil Sprzedawcy, kt\u00f3ry\u00a0jest<!-- [et_pb_line_break_holder] -->          wy\u015bwietlany w\u00a0wynikach wyszukiwania Google oraz\u00a0na\u00a0mapach Google.<!-- [et_pb_line_break_holder] -->        <\/li>\n<p><!-- [et_pb_line_break_holder] -->        <\/p>\n<li><!-- [et_pb_line_break_holder] -->          <b>Serwis<\/b> \u2013 strona internetowa w\u00a0domenie oksanasamoiliuk.com<!-- [et_pb_line_break_holder] -->        <\/li>\n<p><!-- [et_pb_line_break_holder] -->        <\/p>\n<li><!-- [et_pb_line_break_holder] -->          <b>Sprzedawca<\/b> \u2013 Oksana Samoiliuk prowadz\u0105ca dzia\u0142alno\u015b\u0107<!-- [et_pb_line_break_holder] -->          gospodarcz\u0105 pod\u00a0firm\u0105 MARTIN OKSANA SAMOILIUK, pod\u00a0adresem 14-200<!-- [et_pb_line_break_holder] -->          I\u0142awa, ul.\u00a0Gen. W\u0142adys\u0142awa Sikorskiego 21, NIP: 7441829501 zgodnie z<!-- [et_pb_line_break_holder] -->          dokumentem wygenerowanym z\u00a0systemu Centralnej Ewidencji i\u00a0Informacji o<!-- [et_pb_line_break_holder] -->          Dzia\u0142alno\u015bci Gospodarczej<!-- [et_pb_line_break_holder] -->        <\/li>\n<p><!-- [et_pb_line_break_holder] -->        <\/p>\n<li><!-- [et_pb_line_break_holder] -->          <b>Klient<\/b> \u2013 osoba, kt\u00f3ra\u00a0naby\u0142a us\u0142ugi oferowane przez\u00a0Sprzedawc\u0119.<!-- [et_pb_line_break_holder] -->        <\/li>\n<p><!-- [et_pb_line_break_holder] -->      <\/ol>\n<p><!-- [et_pb_line_break_holder] -->      <\/p>\n<h3>\u0179R\u00d3D\u0141A OPINII:<\/h3>\n<p><!-- [et_pb_line_break_holder] -->      <\/p>\n<ol class=\"pk-reg-list-number\"><!-- [et_pb_line_break_holder] -->        <\/p>\n<li><!-- [et_pb_line_break_holder] -->          Opinie prezentowane w\u00a0Serwisie oraz\u00a0w\u00a0mediach spo\u0142eczno\u015bciowych<!-- [et_pb_line_break_holder] -->          pochodz\u0105 mi\u0119dzy innymi z\u00a0ni\u017cej wskazanych \u017ar\u00f3de\u0142:<!-- [et_pb_line_break_holder] -->\n<ol class=\"pk-reg-bullet\"><!-- [et_pb_line_break_holder] -->            <\/p>\n<li><!-- [et_pb_line_break_holder] -->              wiadomo\u015bci przes\u0142anych bezpo\u015brednio przez\u00a0formularz Serwisu lub w<!-- [et_pb_line_break_holder] -->              komunikacji e-mail,<!-- [et_pb_line_break_holder] -->            <\/li>\n<p><!-- [et_pb_line_break_holder] -->            <\/p>\n<li>z\u00a0wizyt\u00f3wki Google,<\/li>\n<p><!-- [et_pb_line_break_holder] -->            <\/p>\n<li><!-- [et_pb_line_break_holder] -->              z\u00a0profili na\u00a0platformach w\u00a0mediach spo\u0142eczno\u015bciowych, w\u00a0tym z<!-- [et_pb_line_break_holder] -->              wiadomo\u015bci prywatnych, komentarzy pod\u00a0postami.<!-- [et_pb_line_break_holder] -->            <\/li>\n<p><!-- [et_pb_line_break_holder] -->          <\/ol>\n<p><!-- [et_pb_line_break_holder] -->        <\/li>\n<p><!-- [et_pb_line_break_holder] -->        <\/p>\n<li><!-- [et_pb_line_break_holder] -->          Klienci maj\u0105 mo\u017cliwo\u015b\u0107 pozostawienia opinii na\u00a0temat wykonanych us\u0142ug.<!-- [et_pb_line_break_holder] -->          Mog\u0105 j\u0105\u00a0wystawi\u0107 za\u00a0po\u015brednictwem wizyt\u00f3wce Google. Klient ma\u00a0te\u017c<!-- [et_pb_line_break_holder] -->          mo\u017cliwo\u015b\u0107 wys\u0142ania do\u00a0Sprzedawcy wiadomo\u015bci prywatnej w\u00a0mediach<!-- [et_pb_line_break_holder] -->          spo\u0142eczno\u015bciowych, wiadomo\u015bci e-mail b\u0105d\u017a za\u00a0po\u015brednictwem innego<!-- [et_pb_line_break_holder] -->          \u015brodka komunikacji, o\u00a0jego opinii na\u00a0temat zakupionych towar\u00f3w czy<!-- [et_pb_line_break_holder] -->          us\u0142ug.<!-- [et_pb_line_break_holder] -->\n<ol class=\"pk-reg-bullet\"><!-- [et_pb_line_break_holder] -->            <\/p>\n<li><!-- [et_pb_line_break_holder] -->              Sprzedawca nie\u00a0wykorzystuje opinii, kt\u00f3re zosta\u0142y kupione b\u0105d\u017a<!-- [et_pb_line_break_holder] -->              sponsorowane. Nie\u00a0ma\u00a0r\u00f3wnie\u017c prawa do\u00a0publikowania lub zlecania<!-- [et_pb_line_break_holder] -->              publikacji fa\u0142szywych opinii lub rekomendacji, ani do\u00a0zmieniania<!-- [et_pb_line_break_holder] -->              istniej\u0105cych opinii lub rekomendacji w\u00a0celu promowania us\u0142ug. W<!-- [et_pb_line_break_holder] -->              ostatniej sytuacji Sprzedawca udost\u0119pnia wybrane przez\u00a0siebie<!-- [et_pb_line_break_holder] -->              opinie w\u00a0Serwisie oraz\u00a0w\u00a0jego mediach spo\u0142eczno\u015bciowych.<!-- [et_pb_line_break_holder] -->            <\/li>\n<p><!-- [et_pb_line_break_holder] -->          <\/ol>\n<p><!-- [et_pb_line_break_holder] -->        <\/li>\n<p><!-- [et_pb_line_break_holder] -->      <\/ol>\n<p><!-- [et_pb_line_break_holder] --><!-- [et_pb_line_break_holder] -->      <\/p>\n<h3>JAK S\u0104 WERYFIKOWANE OPINIE?<\/h3>\n<p><!-- [et_pb_line_break_holder] -->      <\/p>\n<ol class=\"pk-reg-list-number\"><!-- [et_pb_line_break_holder] -->        <\/p>\n<li><!-- [et_pb_line_break_holder] -->          Opinie Klient\u00f3w s\u0105\u00a0publikowane w\u00a0Serwisie bez\u00a0uprzedniej weryfikacji.<!-- [et_pb_line_break_holder] -->          W\u0142a\u015bciciel Serwisu nie\u00a0odpowiada za\u00a0ich tre\u015b\u0107.<!-- [et_pb_line_break_holder] -->        <\/li>\n<p><!-- [et_pb_line_break_holder] -->        <\/p>\n<li><!-- [et_pb_line_break_holder] -->          Opinie prezentowane na\u00a0stronie\/mediach spo\u0142eczno\u015bciowych s\u0105<!-- [et_pb_line_break_holder] -->          weryfikowane przez\u00a0Sprzedawc\u0119 w\u00a0ten spos\u00f3b, \u017ce\u00a0je\u015bli Sprzedawca ma<!-- [et_pb_line_break_holder] -->          w\u0105tpliwo\u015bci co\u00a0do\u00a0autentyczno\u015bci opinii, kt\u00f3re s\u0105\u00a0dla niego<!-- [et_pb_line_break_holder] -->          niezrozumia\u0142e lub budz\u0105 podejrzenia, i\u017c\u00a0nie\u00a0pochodz\u0105 od\u00a0jego Klient\u00f3w<!-- [et_pb_line_break_holder] -->          \u2013 kontaktuje si\u0119 z\u00a0ich autorami. Nast\u0119pnie Sprzedawca por\u00f3wnuje dane<!-- [et_pb_line_break_holder] -->          osobowe udost\u0119pnione w\u00a0ramach wystawiania opinii z\u00a0danymi i<!-- [et_pb_line_break_holder] -->          informacjami posiadanymi przez\u00a0Sprzedawc\u0119 na\u00a0temat Klient\u00f3w, kt\u00f3rzy<!-- [et_pb_line_break_holder] -->          dotychczas korzystali z\u00a0jego us\u0142ug.<!-- [et_pb_line_break_holder] -->        <\/li>\n<p><!-- [et_pb_line_break_holder] -->        <\/p>\n<li><!-- [et_pb_line_break_holder] -->          Kupuj\u0105cy powinien formu\u0142owa\u0107 opinie w\u00a0spos\u00f3b rzetelny, uczciwy i<!-- [et_pb_line_break_holder] -->          merytoryczny, w\u00a0miar\u0119 mo\u017cliwo\u015bci poprawny j\u0119zykowo oraz\u00a0bez\u00a0u\u017cywania<!-- [et_pb_line_break_holder] -->          wulgaryzm\u00f3w i\u00a0innych s\u0142\u00f3w powszechnie uznawanych za\u00a0obra\u017aliwe.<!-- [et_pb_line_break_holder] -->        <\/li>\n<p><!-- [et_pb_line_break_holder] -->        <\/p>\n<li><!-- [et_pb_line_break_holder] -->          Zakazane jest zamieszczanie opinii:<!-- [et_pb_line_break_holder] -->\n<ol class=\"pk-reg-bullet\"><!-- [et_pb_line_break_holder] -->            <\/p>\n<li>bez\u00a0uprzedniego skorzystania z\u00a0us\u0142ug Sprzedawcy;<\/li>\n<p><!-- [et_pb_line_break_holder] -->            <\/p>\n<li>na\u00a0temat us\u0142ug, kt\u00f3rych\u00a0Klient nie\u00a0zakupi\u0142;<\/li>\n<p><!-- [et_pb_line_break_holder] -->            <\/p>\n<li><!-- [et_pb_line_break_holder] -->              wype\u0142niaj\u0105cych znamiona czynu nieuczciwej konkurencji w\u00a0rozumieniu<!-- [et_pb_line_break_holder] -->              art. 3 ustawy z\u00a0dnia 16 kwietnia 1993\u00a0r. o\u00a0zwalczaniu nieuczciwej<!-- [et_pb_line_break_holder] -->              konkurencji;<!-- [et_pb_line_break_holder] -->            <\/li>\n<p><!-- [et_pb_line_break_holder] -->            <\/p>\n<li>wulgarnych, obra\u017aliwych, a\u00a0przede wszystkim nieprawdziwych;<\/li>\n<p><!-- [et_pb_line_break_holder] -->            <\/p>\n<li><!-- [et_pb_line_break_holder] -->              przez\u00a0op\u0142aconych Klient\u00f3w, w\u00a0szczeg\u00f3lno\u015bci w\u00a0celu sztucznego<!-- [et_pb_line_break_holder] -->              podwy\u017cszenia \/ obni\u017cenia oceny us\u0142ugi.<!-- [et_pb_line_break_holder] -->            <\/li>\n<p><!-- [et_pb_line_break_holder] -->          <\/ol>\n<p><!-- [et_pb_line_break_holder] -->        <\/li>\n<p><!-- [et_pb_line_break_holder] -->      <\/ol>\n<p><!-- [et_pb_line_break_holder] --><!-- [et_pb_line_break_holder] -->      <\/p>\n<h3>USUWANIE OPINII<\/h3>\n<p><!-- [et_pb_line_break_holder] -->      <\/p>\n<ol class=\"pk-reg-list-number\"><!-- [et_pb_line_break_holder] -->        <\/p>\n<li><!-- [et_pb_line_break_holder] -->          Sprzedawca zastrzega sobie prawo do\u00a0niepublikowania oraz\u00a0usuwania<!-- [et_pb_line_break_holder] -->          opinii, kt\u00f3re s\u0105\u00a0wulgarne, obra\u017aliwe, a\u00a0przede wszystkim zawieraj\u0105<!-- [et_pb_line_break_holder] -->          nieprawdziwe informacje lub s\u0105\u00a0w\u00a0inny spos\u00f3b sprzeczne z\u00a0prawem.<!-- [et_pb_line_break_holder] -->        <\/li>\n<p><!-- [et_pb_line_break_holder] -->        <\/p>\n<li><!-- [et_pb_line_break_holder] -->          Sprzedawca zapewnia, \u017ce\u00a0nie\u00a0usuwa negatywnych opinii jedynie ze<!-- [et_pb_line_break_holder] -->          wzgl\u0119du na\u00a0niezadowolenie Klienta.<!-- [et_pb_line_break_holder] -->        <\/li>\n<p><!-- [et_pb_line_break_holder] -->        <\/p>\n<li><!-- [et_pb_line_break_holder] -->          Klient ma\u00a0prawo w\u00a0ka\u017cdym czasie usun\u0105\u0107 b\u0105d\u017a cofn\u0105\u0107 zgod\u0119 na<!-- [et_pb_line_break_holder] -->          udost\u0119pnienie jego opinii.<!-- [et_pb_line_break_holder] -->        <\/li>\n<p><!-- [et_pb_line_break_holder] -->      <\/ol>\n<p><!-- [et_pb_line_break_holder] -->      <\/p>\n<h3>DANE OSOBOWE<\/h3>\n<p><!-- [et_pb_line_break_holder] -->      <\/p>\n<ol class=\"pk-reg-list-number\"><!-- [et_pb_line_break_holder] -->        <\/p>\n<li><!-- [et_pb_line_break_holder] -->          Przetwarzanie danych w\u00a0celu wys\u0142ania e-maila z\u00a0pro\u015bb\u0105 o\u00a0ocen\u0119 Sklepu<!-- [et_pb_line_break_holder] -->          i\/lub towaru odbywa si\u0119 na\u00a0podstawie art. 6 ust. 1 lit f) RODO, w<!-- [et_pb_line_break_holder] -->          usprawiedliwionym celu administratora danych (Sprzedawcy), kt\u00f3rym\u00a0jest<!-- [et_pb_line_break_holder] -->          doskonalenie oferty i\/lub towaru i\/lub Sklepu poprzez gromadzenie<!-- [et_pb_line_break_holder] -->          rzetelnych opinii o\u00a0nich przez\u00a0w\u0142a\u015bciciela Sklepu.<!-- [et_pb_line_break_holder] -->        <\/li>\n<p><!-- [et_pb_line_break_holder] -->        <\/p>\n<li><!-- [et_pb_line_break_holder] -->          Dane osobowe Kupuj\u0105cego, w\u00a0szczeg\u00f3lno\u015bci jego adres e-mail, nie\u00a0s\u0105<!-- [et_pb_line_break_holder] -->          udost\u0119pniane innym osobom lub podmiotom, a\u00a0s\u0142u\u017c\u0105 jedynie weryfikacji,<!-- [et_pb_line_break_holder] -->          czy\u00a0osoba dokonuj\u0105ca oceny jest faktycznie osob\u0105, kt\u00f3ra\u00a0zam\u00f3wi\u0142a dany<!-- [et_pb_line_break_holder] -->          towar, i\u00a0s\u0105\u00a0one przechowywane wy\u0142\u0105cznie do\u00a0wiadomo\u015bci Sprzedawcy.<!-- [et_pb_line_break_holder] -->        <\/li>\n<p><!-- [et_pb_line_break_holder] -->      <\/ol>\n<p><!-- [et_pb_line_break_holder] -->      <\/p>\n<h3>REKLAMACJE<\/h3>\n<p><!-- [et_pb_line_break_holder] -->      <\/p>\n<ol class=\"pk-reg-list-number\"><!-- [et_pb_line_break_holder] -->        <\/p>\n<li>Klient ma\u00a0prawo do\u00a0z\u0142o\u017cenia reklamacji.<\/li>\n<p><!-- [et_pb_line_break_holder] -->        <\/p>\n<li><!-- [et_pb_line_break_holder] -->          Wszelkie reklamacje mo\u017cna przesy\u0142a\u0107 na\u00a0adres poczty elektronicznej:<!-- [et_pb_line_break_holder] -->          <a href=\"mailto:kontakt@oksanasamoiliuk.com\"<!--no numeric noise key 1005-->            >kontakt@oksanasamoiliuk.com<\/a<!--NO NUMERIC NOISE KEY>          kompletnego zg\u0142oszenia reklamacyjnego przez\u00a0Klienta.<!-- [et_pb_line_break_holder] -->        <\/li>\n<p><!-- [et_pb_line_break_holder] -->      <\/ol>\n<p><!-- [et_pb_line_break_holder] -->     <a href=\"https:\/\/oksanasamoiliuk.com\/wp-content\/uploads\/Regulamin-opinii.pdf\"><b>Pobierz Regulamin Opinii w\u00a0pliku PDF<\/b><\/a><!-- [et_pb_line_break_holder] -->    <\/section>\n<p>[\/et_pb_code][\/et_pb_column][\/et_pb_row][\/et_pb_section]<\/p>","protected":false},"excerpt":{"rendered":"<p>REGULAMIN OPINII CEL: Zale\u017cy nam na\u00a0Pana\/Pani opiniach i\u00a0starannie dbamy o\u00a0to, aby by\u0142y one oparte na\u00a0rzeczywistych do\u015bwiadczeniach naszych klient\u00f3w. W\u00a0przypadku opinii nieprawdziwych b\u0105d\u017a wulgarnych zachowujemy sobie prawo do\u00a0ich niepublikowania. Niniejszy dokument reguluje zasady dodawania, publikowania oraz weryfikowania opinii dotycz\u0105cych towar\u00f3w lub us\u0142ug oferowanych przez Sprzedawc\u0119. DEFINICJE: Opinia \u2013 udost\u0119pniona w\u00a0wizyt\u00f3wce Google b\u0105d\u017a mediach spo\u0142eczno\u015bciowych Sprzedawcy subiektywna [&hellip;]<\/p>","protected":false},"author":1,"featured_media":0,"parent":0,"menu_order":0,"comment_status":"closed","ping_status":"closed","template":"","meta":{"_et_pb_use_builder":"on","_et_pb_old_content":"<!-- wp:heading -->\n<h2 class=\"wp-block-heading\">Kim jeste\u015bmy<\/h2>\n<!-- \/wp:heading -->\n<!-- wp:paragraph -->\n<p><strong class=\"privacy-policy-tutorial\">Sugerowany tekst: <\/strong>Adres naszej strony internetowej to: http:\/\/oksanasamoiliuk.com.<\/p>\n<!-- \/wp:paragraph -->\n<!-- wp:heading -->\n<h2 class=\"wp-block-heading\">Komentarze<\/h2>\n<!-- \/wp:heading -->\n<!-- wp:paragraph -->\n<p><strong class=\"privacy-policy-tutorial\">Sugerowany tekst: <\/strong>Kiedy odwiedzaj\u0105cy witryn\u0119 zostawia komentarz, zbieramy dane widoczne w formularzu komentowania, jak i adres IP odwiedzaj\u0105cego oraz podpis jego przegl\u0105darki jako pomoc przy wykrywaniu spamu.<\/p>\n<!-- \/wp:paragraph -->\n<!-- wp:paragraph -->\n<p>Anonimizowany ci\u0105g znak\u00f3w utworzony z twojego adresu e-mail (zwany te\u017c hashem) mo\u017ce zosta\u0107 przes\u0142any do us\u0142ugi Gravatar w celu sprawdzenia czy jest u\u017cywany. Polityka prywatno\u015bci us\u0142ugi Gravatar jest dost\u0119pna pod adresem: https:\/\/automattic.com\/privacy\/. Po zatwierdzeniu komentarza tw\u00f3j obrazek profilowy jest widoczny publicznie w kontek\u015bcie twojego komentarza.<\/p>\n<!-- \/wp:paragraph -->\n<!-- wp:heading -->\n<h2 class=\"wp-block-heading\">Media<\/h2>\n<!-- \/wp:heading -->\n<!-- wp:paragraph -->\n<p><strong class=\"privacy-policy-tutorial\">Sugerowany tekst: <\/strong>Je\u015bli jeste\u015b zarejestrowanym u\u017cytkownikiem i wgrywasz na witryn\u0119 obrazki, powiniene\u015b unika\u0107 przesy\u0142ania obrazk\u00f3w z tagami EXIF lokalizacji. Odwiedzaj\u0105cy stron\u0119 mog\u0105 pobra\u0107 i odczyta\u0107 pe\u0142ne dane lokalizacyjne z obrazk\u00f3w w witrynie.<\/p>\n<!-- \/wp:paragraph -->\n<!-- wp:heading -->\n<h2 class=\"wp-block-heading\">Ciasteczka<\/h2>\n<!-- \/wp:heading -->\n<!-- wp:paragraph -->\n<p><strong class=\"privacy-policy-tutorial\">Sugerowany tekst: <\/strong>Je\u015bli skomentujesz co\u015b w witrynie, b\u0119dzie mo\u017cna wybra\u0107 opcj\u0119 zapisu nazwy, adresu e-mail i witryny internetowej w ciasteczkach, dzi\u0119ki kt\u00f3rym podczas pisania kolejnych komentarzy powy\u017csze informacje b\u0119d\u0105 ju\u017c dogodnie uzupe\u0142nione. Ciasteczka wygasaj\u0105 po roku.<\/p>\n<!-- \/wp:paragraph -->\n<!-- wp:paragraph -->\n<p>Je\u015bli odwiedzisz stron\u0119 logowania, utworzymy tymczasowe ciasteczko na potrzeby sprawdzenia czy twoja przegl\u0105darka akceptuje ciasteczka. Nie zawiera ono \u017cadnych danych osobistych i zostanie usuni\u0119te, kiedy przegl\u0105darka zostanie zamkni\u0119ta.<\/p>\n<!-- \/wp:paragraph -->\n<!-- wp:paragraph -->\n<p>Podczas logowania tworzymy dodatkowo kilka ciasteczek potrzebnych do zapisu twoich informacji logowania oraz wybranych opcji ekranu. Ciasteczka logowania wygasaj\u0105 po dw\u00f3ch dniach, a opcji ekranu po roku. Je\u015bli zaznaczysz opcj\u0119 &bdquo;Pami\u0119taj mnie&rdquo;, logowanie wyga\u015bnie po dw\u00f3ch tygodniach. Je\u015bli wylogujesz si\u0119 ze swojego konta, ciasteczka logowania zostan\u0105 usuni\u0119te.<\/p>\n<!-- \/wp:paragraph -->\n<!-- wp:paragraph -->\n<p>Je\u015bli zmodyfikujesz albo opublikujesz artyku\u0142, w twojej przegl\u0105darce zostanie zapisane dodatkowe ciasteczko. To ciasteczko nie zawiera \u017cadnych danych osobistych, wskazuj\u0105c po prostu na identyfikator przed chwil\u0105 edytowanego artyku\u0142u. Wygasa ono po 1 dniu.<\/p>\n<!-- \/wp:paragraph -->\n<!-- wp:heading -->\n<h2 class=\"wp-block-heading\">Osadzone tre\u015bci z innych witryn<\/h2>\n<!-- \/wp:heading -->\n<!-- wp:paragraph -->\n<p><strong class=\"privacy-policy-tutorial\">Sugerowany tekst: <\/strong>Artyku\u0142y na tej witrynie mog\u0105 zawiera\u0107 osadzone tre\u015bci (np. filmy, obrazki, artyku\u0142y itp.). Osadzone tre\u015bci z innych witryn zachowuj\u0105 si\u0119 analogicznie do tego, jakby u\u017cytkownik odwiedzi\u0142 bezpo\u015brednio konkretn\u0105 witryn\u0119.<\/p>\n<!-- \/wp:paragraph -->\n<!-- wp:paragraph -->\n<p>Witryny mog\u0105 zbiera\u0107 informacje o tobie, u\u017cywa\u0107 ciasteczek, do\u0142\u0105cza\u0107 dodatkowe, zewn\u0119trzne systemy \u015bledzenia i monitorowa\u0107 twoje interakcje z osadzonym materia\u0142em, w\u0142\u0105czaj\u0105c w to \u015bledzenie twoich interakcji z osadzonym materia\u0142em je\u015bli posiadasz konto i jeste\u015b zalogowany w tamtej witrynie.<\/p>\n<!-- \/wp:paragraph -->\n<!-- wp:heading -->\n<h2 class=\"wp-block-heading\">Z kim dzielimy si\u0119 danymi<\/h2>\n<!-- \/wp:heading -->\n<!-- wp:paragraph -->\n<p><strong class=\"privacy-policy-tutorial\">Sugerowany tekst: <\/strong>Je\u015bli za\u017c\u0105dasz zresetowania has\u0142a, tw\u00f3j adres IP zostanie do\u0142\u0105czony do wysy\u0142anej wiadomo\u015bci.<\/p>\n<!-- \/wp:paragraph -->\n<!-- wp:heading -->\n<h2 class=\"wp-block-heading\">Jak d\u0142ugo przechowujemy twoje dane<\/h2>\n<!-- \/wp:heading -->\n<!-- wp:paragraph -->\n<p><strong class=\"privacy-policy-tutorial\">Sugerowany tekst: <\/strong>Je\u015bli zostawisz komentarz, jego tre\u015b\u0107 i metadane b\u0119d\u0105 przechowywane przez czas nieokre\u015blony. Dzi\u0119ki temu jeste\u015bmy w stanie rozpoznawa\u0107 i zatwierdza\u0107 kolejne komentarze automatycznie, bez wysy\u0142ania ich do ka\u017cdorazowej moderacji.<\/p>\n<!-- \/wp:paragraph -->\n<!-- wp:paragraph -->\n<p>Dla u\u017cytkownik\u00f3w kt\u00f3rzy zarejestrowali si\u0119 na naszej stronie internetowej (je\u015bli tacy s\u0105), przechowujemy r\u00f3wnie\u017c informacje osobiste wprowadzone w profilu. Ka\u017cdy u\u017cytkownik mo\u017ce dokona\u0107 wgl\u0105du, korekty albo skasowa\u0107 swoje informacje osobiste w dowolnej chwili (nie licz\u0105c nazwy u\u017cytkownika, kt\u00f3rej nie mo\u017cna zmieni\u0107). Administratorzy strony r\u00f3wnie\u017c mog\u0105 przegl\u0105da\u0107 i modyfikowa\u0107 te informacje.<\/p>\n<!-- \/wp:paragraph -->\n<!-- wp:heading -->\n<h2 class=\"wp-block-heading\">Jakie masz prawa do swoich danych<\/h2>\n<!-- \/wp:heading -->\n<!-- wp:paragraph -->\n<p><strong class=\"privacy-policy-tutorial\">Sugerowany tekst: <\/strong>Je\u015bli masz konto u\u017cytkownika albo doda\u0142e\u015b komentarze w tej witrynie, mo\u017cesz za\u017c\u0105da\u0107 dostarczenia pliku z wyeksportowanym kompletem twoich danych osobistych b\u0119d\u0105cych w naszym posiadaniu, w tym ca\u0142o\u015b\u0107 tych dostarczonych przez ciebie. Mo\u017cesz r\u00f3wnie\u017c za\u017c\u0105da\u0107 usuni\u0119cia przez nas ca\u0142o\u015bci twoich danych osobistych w naszym posiadaniu. Nie dotyczy to \u017cadnych danych kt\u00f3re jeste\u015bmy zobligowani zachowa\u0107 ze wzgl\u0119d\u00f3w administracyjnych, prawnych albo bezpiecze\u0144stwa.<\/p>\n<!-- \/wp:paragraph -->\n<!-- wp:heading -->\n<h2 class=\"wp-block-heading\">Gdzie wys\u0142amy twoje dane<\/h2>\n<!-- \/wp:heading -->\n<!-- wp:paragraph -->\n<p><strong class=\"privacy-policy-tutorial\">Sugerowany tekst: <\/strong>Komentarze go\u015bci mog\u0105 by\u0107 sprawdzane za pomoc\u0105 automatycznej us\u0142ugi wykrywania spamu.<\/p>\n<!-- \/wp:paragraph -->\n","_et_gb_content_width":"","slim_seo":{"title":"Regulamin Opinii - oksanasamoiliuk.com","description":"REGULAMIN OPINII CEL: Zale\u017cy nam na\u00a0Pana\/Pani opiniach i\u00a0starannie dbamy o\u00a0to, aby by\u0142y one oparte na\u00a0rzeczywistych do\u015bwiadczeniach naszych klient\u00f3w. W\u00a0przypadk"},"footnotes":""},"difl_page_category":[],"class_list":["post-277814","page","type-page","status-publish","hentry"],"_links":{"self":[{"href":"https:\/\/oksanasamoiliuk.com\/ru\/wp-json\/wp\/v2\/pages\/277814","targetHints":{"allow":["GET"]}}],"collection":[{"href":"https:\/\/oksanasamoiliuk.com\/ru\/wp-json\/wp\/v2\/pages"}],"about":[{"href":"https:\/\/oksanasamoiliuk.com\/ru\/wp-json\/wp\/v2\/types\/page"}],"author":[{"embeddable":true,"href":"https:\/\/oksanasamoiliuk.com\/ru\/wp-json\/wp\/v2\/users\/1"}],"replies":[{"embeddable":true,"href":"https:\/\/oksanasamoiliuk.com\/ru\/wp-json\/wp\/v2\/comments?post=277814"}],"version-history":[{"count":4,"href":"https:\/\/oksanasamoiliuk.com\/ru\/wp-json\/wp\/v2\/pages\/277814\/revisions"}],"predecessor-version":[{"id":277836,"href":"https:\/\/oksanasamoiliuk.com\/ru\/wp-json\/wp\/v2\/pages\/277814\/revisions\/277836"}],"wp:attachment":[{"href":"https:\/\/oksanasamoiliuk.com\/ru\/wp-json\/wp\/v2\/media?parent=277814"}],"wp:term":[{"taxonomy":"difl_page_category","embeddable":true,"href":"https:\/\/oksanasamoiliuk.com\/ru\/wp-json\/wp\/v2\/difl_page_category?post=277814"}],"curies":[{"name":"wp","href":"https:\/\/api.w.org\/{rel}","templated":true}]}}